
{"id":14472,"date":"2019-07-16T08:44:43","date_gmt":"2019-07-16T01:44:43","guid":{"rendered":"https:\/\/elo.edu.vn\/?page_id=14472"},"modified":"2020-05-18T11:10:01","modified_gmt":"2020-05-18T04:10:01","slug":"sign-up-succes","status":"publish","type":"page","link":"https:\/\/elo.edu.vn\/?page_id=14472","title":{"rendered":"sign-up-succes"},"content":{"rendered":"<style type=\"text\/css\"><\/style>\n<section class=\"kc-elm kc-css-2010801 kc_row content-success\">\n<div class=\"kc-row-container  kc-container\">\n<div class=\"kc-wrap-columns\">\n<div class=\"kc-elm kc-css-4254222 kc_col-sm-12 kc_column kc_col-sm-12\">\n<div class=\"kc-col-container\">\n<div class=\"kc-elm kc-css-1107278 kc-raw-code\"><i class=\"fa fa-check-circle\"><\/i><\/p>\n<h3>\u0110\u0102NG K\u00dd TH\u00c0NH C\u00d4NG <\/h3>\n<p>&#8220;Anh\/Ch\u1ecb \u0111\u00e3 \u0111\u0103ng k\u00fd nh\u1eadn t\u01b0 v\u1ea5n th\u00e0nh c\u00f4ng, t\u1ed5ng \u0111\u00e0i s\u1ebd li\u00ean l\u1ea1c v\u1edbi anh\/ch\u1ecb trong th\u1eddi gian s\u1edbm nh\u1ea5t. <\/br><br \/>\nC\u1ea3m \u01a1n anh\/ch\u1ecb \u0111\u00e3 quan t\u00e2m \u0111\u1ebfn ch\u01b0\u01a1ng tr\u00ecnh&#8221;<\/p>\n<\/div>\n<\/div>\n<\/div>\n<\/div>\n<\/div>\n<\/section>\n","protected":false},"excerpt":{"rendered":"<p>\u0110\u0102NG K\u00dd TH\u00c0NH C\u00d4NG &#8220;Anh\/Ch\u1ecb \u0111\u00e3 \u0111\u0103ng k\u00fd nh\u1eadn t\u01b0 v\u1ea5n th\u00e0nh c\u00f4ng, t\u1ed5ng \u0111\u00e0i s\u1ebd li\u00ean l\u1ea1c v\u1edbi anh\/ch\u1ecb trong th\u1eddi gian s\u1edbm nh\u1ea5t. C\u1ea3m \u01a1n anh\/ch\u1ecb \u0111\u00e3 quan t\u00e2m \u0111\u1ebfn ch\u01b0\u01a1ng tr\u00ecnh&#8221;<\/p>\n","protected":false},"author":1,"featured_media":0,"parent":0,"menu_order":0,"comment_status":"closed","ping_status":"closed","template":"template-parts\/home-two.php","meta":[],"_links":{"self":[{"href":"https:\/\/elo.edu.vn\/index.php?rest_route=\/wp\/v2\/pages\/14472"}],"collection":[{"href":"https:\/\/elo.edu.vn\/index.php?rest_route=\/wp\/v2\/pages"}],"about":[{"href":"https:\/\/elo.edu.vn\/index.php?rest_route=\/wp\/v2\/types\/page"}],"author":[{"embeddable":true,"href":"https:\/\/elo.edu.vn\/index.php?rest_route=\/wp\/v2\/users\/1"}],"replies":[{"embeddable":true,"href":"https:\/\/elo.edu.vn\/index.php?rest_route=%2Fwp%2Fv2%2Fcomments&post=14472"}],"version-history":[{"count":0,"href":"https:\/\/elo.edu.vn\/index.php?rest_route=\/wp\/v2\/pages\/14472\/revisions"}],"wp:attachment":[{"href":"https:\/\/elo.edu.vn\/index.php?rest_route=%2Fwp%2Fv2%2Fmedia&parent=14472"}],"curies":[{"name":"wp","href":"https:\/\/api.w.org\/{rel}","templated":true}]}}