
{"id":16,"date":"2018-12-14T08:22:26","date_gmt":"2018-12-14T08:22:26","guid":{"rendered":"http:\/\/localhost\/elo-admin\/?page_id=16"},"modified":"2025-07-04T16:44:55","modified_gmt":"2025-07-04T09:44:55","slug":"lien-he","status":"publish","type":"page","link":"https:\/\/elo.edu.vn\/?page_id=16","title":{"rendered":"Li\u00ean h\u1ec7"},"content":{"rendered":"<p>[vc_row][vc_column][vc_empty_space height=&#8221;75px&#8221;]<div class=\"elo-heading text-center no-margin\">Trung t\u00e2m \u0110\u00e0o t\u1ea1o tr\u1ef1c tuy\u1ebfn<\/div><div class=\"elo-heading text-center\">Tr\u01b0\u1eddng \u0110\u1ea1i h\u1ecdc M\u1edf TPHCM<\/div>[\/vc_column][\/vc_row][vc_row css=&#8221;.vc_custom_1623069007502{padding-top: 20px !important;}&#8221;][vc_column width=&#8221;1\/3&#8243;]<div class=\"elo-contact-box \"><div class=\"elo-contact-heading\">\u0110i\u1ec7n tho\u1ea1i<\/div><div class=\"elo-contact-description\">Vui l\u00f2ng li\u00ean h\u1ec7 v\u1edbi b\u1ed9 ph\u1eadn T\u01b0 v\u1ea5n \u0111\u1ec3 \u0111\u01b0\u1ee3c gi\u1ea3i \u0111\u00e1p m\u1ecdi th\u1eafc m\u1eafc.<\/div><div class=\"elo-contact-link\"><a href=\"tel:18006119\">18006119 \u1ea5n ph\u00edm 2<\/a><\/div><\/div>[\/vc_column][vc_column width=&#8221;1\/3&#8243;]<div class=\"elo-contact-box \"><div class=\"elo-contact-heading\">Email<\/div><div class=\"elo-contact-description\">\u0110\u1ec3 nh\u1eadn \u0111\u01b0\u1ee3c th\u00f4ng tin chi ti\u1ebft v\u1ec1 Ch\u01b0\u01a1ng tr\u00ecnh \u0111\u00e0o t\u1ea1o C\u1eed nh\u00e2n tr\u1ef1c tuy\u1ebfn, vui l\u00f2ng li\u00ean h\u1ec7 qua email.<\/div><div class=\"elo-contact-link\"><a href=\"mailto:elo@oude.edu.vn\">elo@oude.edu.vn<\/a><\/div><\/div>[\/vc_column][vc_column width=&#8221;1\/3&#8243;]<div class=\"elo-contact-box \"><div class=\"elo-contact-heading\">\u0110\u1ecba \u0111i\u1ec3m<\/div><div class=\"elo-contact-description\">Trung t\u00e2m \u0110\u00e0o t\u1ea1o tr\u1ef1c tuy\u1ebfn, Ph\u00f2ng 505 s\u1ed1 97 V\u00f5 V\u0103n T\u1ea7n, Ph\u01b0\u1eddng Xu\u00e2n H\u00f2a, TP.HCM<\/div><div class=\"elo-contact-link\"><a href=\"https:\/\/www.google.com\/maps\/place\/97+V%C3%B5+V%C4%83n+T%E1%BA%A7n,+Ph%C6%B0%E1%BB%9Dng+6,+Qu%E1%BA%ADn+3,+H%E1%BB%93+Ch%C3%AD+Minh,+Vietnam\/@10.7762091,106.6882275,17z\/data=!3m1!4b1!4m5!3m4!1s0x31752f3afd73acc9:0x4528d23ee20a716b!8m2!3d10.7762038!4d106.6904162\" target=\"_blank\">Xem tr\u00ean Google Maps<\/a><\/div><\/div>[\/vc_column][\/vc_row][vc_row css=&#8221;.vc_custom_1623069183807{margin-top: 25px !important;margin-bottom: 85px !important;}&#8221;][vc_column]<div class=\" ubtn-ctn-center elo-button popup-button-form\"><button type=\"button\" id=\"ubtn-3183\"  class=\"ubtn ult-adjust-bottom-margin ult-responsive ubtn-custom ubtn-no-hover-bg  none  ubtn-center elo-button popup-button-form  tooltip-69f1dec5ac793\"  data-hover=\"#ffffff\" data-border-color=\"\" data-bg=\"linear-gradient(to right, #fc720c, #f02127)\" data-hover-bg=\"linear-gradient(to right, #f02127, #fc720c)\" data-border-hover=\"\" data-shadow-hover=\"\" data-shadow-click=\"none\" data-shadow=\"\" data-shd-shadow=\"\"  data-ultimate-target='#ubtn-3183'  data-responsive-json-new='{\"font-size\":\"desktop:18px;\",\"line-height\":\"desktop:20px;\"}'  style=\"font-weight:bold;width:270px;min-height:56px;padding:px px;border:none;background: linear-gradient(to right, #fc720c, #f02127);color: #ffffff;\"><span class=\"ubtn-hover\" style=\"background-color:#f02127\"><\/span><span class=\"ubtn-data ubtn-text \" >\u0110\u0102NG K\u00dd NH\u1eacN T\u01af V\u1ea4N<\/span><\/button><\/div>[\/vc_column][\/vc_row]<\/p>\n","protected":false},"excerpt":{"rendered":"<p>[vc_row][vc_column][vc_empty_space height=&#8221;75px&#8221;][\/vc_column][\/vc_row][vc_row css=&#8221;.vc_custom_1623069007502{padding-top: 20px !important;}&#8221;][vc_column width=&#8221;1\/3&#8243;][\/vc_column][vc_column width=&#8221;1\/3&#8243;][\/vc_column][vc_column width=&#8221;1\/3&#8243;][\/vc_column][\/vc_row][vc_row css=&#8221;.vc_custom_1623069183807{margin-top: 25px !important;margin-bottom: 85px !important;}&#8221;][vc_column][\/vc_column][\/vc_row]<\/p>\n","protected":false},"author":1,"featured_media":16017,"parent":0,"menu_order":0,"comment_status":"closed","ping_status":"closed","template":"","meta":[],"_links":{"self":[{"href":"https:\/\/elo.edu.vn\/index.php?rest_route=\/wp\/v2\/pages\/16"}],"collection":[{"href":"https:\/\/elo.edu.vn\/index.php?rest_route=\/wp\/v2\/pages"}],"about":[{"href":"https:\/\/elo.edu.vn\/index.php?rest_route=\/wp\/v2\/types\/page"}],"author":[{"embeddable":true,"href":"https:\/\/elo.edu.vn\/index.php?rest_route=\/wp\/v2\/users\/1"}],"replies":[{"embeddable":true,"href":"https:\/\/elo.edu.vn\/index.php?rest_route=%2Fwp%2Fv2%2Fcomments&post=16"}],"version-history":[{"count":8,"href":"https:\/\/elo.edu.vn\/index.php?rest_route=\/wp\/v2\/pages\/16\/revisions"}],"predecessor-version":[{"id":20724,"href":"https:\/\/elo.edu.vn\/index.php?rest_route=\/wp\/v2\/pages\/16\/revisions\/20724"}],"wp:featuredmedia":[{"embeddable":true,"href":"https:\/\/elo.edu.vn\/index.php?rest_route=\/wp\/v2\/media\/16017"}],"wp:attachment":[{"href":"https:\/\/elo.edu.vn\/index.php?rest_route=%2Fwp%2Fv2%2Fmedia&parent=16"}],"curies":[{"name":"wp","href":"https:\/\/api.w.org\/{rel}","templated":true}]}}