
{"id":19477,"date":"2024-05-21T11:05:56","date_gmt":"2024-05-21T04:05:56","guid":{"rendered":"https:\/\/elo.edu.vn\/?page_id=19477"},"modified":"2024-05-24T16:50:36","modified_gmt":"2024-05-24T09:50:36","slug":"khoa-tieng-han-giao-tiep-12345","status":"publish","type":"page","link":"https:\/\/elo.edu.vn\/?page_id=19477","title":{"rendered":"Kh\u00f3a ti\u1ebfng h\u00e0n giao ti\u1ebfp 1,2,3,4,5"},"content":{"rendered":"<p>[vc_row bg_type=&#8221;image&#8221; bg_override=&#8221;ex-full&#8221; css=&#8221;.vc_custom_1716349797301{background-image: url(https:\/\/elo.edu.vn\/wp-content\/uploads\/2024\/05\/banner-tieng-han.png?id=19479) !important;background-position: center !important;background-repeat: no-repeat !important;background-size: cover !important;}&#8221; el_class=&#8221;banner&#8221;][vc_column][\/vc_column][\/vc_row][vc_row el_class=&#8221;section1&#8243;][vc_column css=&#8221;.vc_custom_1716281592868{padding-top: 50px !important;padding-bottom: 50px !important;}&#8221;][vc_custom_heading text=&#8221;V\u00cc SAO N\u00caN L\u1ef0A CH\u1eccN H\u1eccC TI\u1ebeNG H\u00c0N T\u1ea0I ELO?&#8221; font_container=&#8221;tag:h2|font_size:40px|text_align:center&#8221; google_fonts=&#8221;font_family:Montserrat%3Aregular%2C700|font_style:700%20bold%20regular%3A700%3Anormal&#8221;][\/vc_column][\/vc_row][vc_row el_class=&#8221;c-flex mb-flex-col section1&#8243;][vc_column width=&#8221;1\/4&#8243; el_class=&#8221;c-content-box&#8221;][vc_row_inner][vc_column_inner][vc_single_image image=&#8221;19489&#8243; img_size=&#8221;60&#215;60&#8243; alignment=&#8221;center&#8221; el_class=&#8221;img1&#8243;][vc_single_image image=&#8221;19493&#8243; img_size=&#8221;60&#215;60&#8243; alignment=&#8221;center&#8221; el_class=&#8221;img2&#8243;][\/vc_column_inner][\/vc_row_inner][vc_custom_heading text=&#8221;H\u1ecdc online 100%&#8221; font_container=&#8221;tag:h6|font_size:18px|text_align:center&#8221; google_fonts=&#8221;font_family:Montserrat%3Aregular%2C700|font_style:700%20bold%20regular%3A700%3Anormal&#8221;][vc_custom_heading text=&#8221;H\u00ecnh th\u1ee9c h\u1ecdc \u1edf ELO l\u00e0 100% online tr\u00ean n\u1ec1n t\u1ea3ng LMS hi\u1ec7n \u0111\u1ea1i.&#8221; font_container=&#8221;tag:p|font_size:18px|text_align:center&#8221; google_fonts=&#8221;font_family:Montserrat%3Aregular%2C700|font_style:400%20regular%3A400%3Anormal&#8221;][\/vc_column][vc_column width=&#8221;1\/4&#8243; el_class=&#8221;c-content-box&#8221;][vc_row_inner][vc_column_inner][vc_single_image image=&#8221;19490&#8243; img_size=&#8221;60&#215;60&#8243; alignment=&#8221;center&#8221; el_class=&#8221;img1&#8243;][vc_single_image image=&#8221;19494&#8243; img_size=&#8221;60&#215;60&#8243; alignment=&#8221;center&#8221; el_class=&#8221;img2&#8243;][\/vc_column_inner][\/vc_row_inner][vc_custom_heading text=&#8221;M\u00f4i tr\u01b0\u1eddng h\u1ecdc t\u1eadp<br \/>\nc\u00f3 t\u00ednh t\u01b0\u01a1ng t\u00e1c cao&#8221; font_container=&#8221;tag:h6|font_size:18px|text_align:center&#8221; google_fonts=&#8221;font_family:Montserrat%3Aregular%2C700|font_style:700%20bold%20regular%3A700%3Anormal&#8221;][vc_custom_heading text=&#8221;H\u1ecdc vi\u00ean t\u01b0\u01a1ng t\u00e1c v\u1edbi gi\u1ea3ng vi\u00ean m\u1ed7i 2 tu\u1ea7n nh\u1eb1m \u00f4n t\u1eadp, gi\u1ea3i \u0111\u00e1p th\u1eafc m\u1eafc th\u00f4ng qua h\u00ecnh th\u1ee9c Video conference.&#8221; font_container=&#8221;tag:p|font_size:18px|text_align:center&#8221; google_fonts=&#8221;font_family:Montserrat%3Aregular%2C700|font_style:400%20regular%3A400%3Anormal&#8221;][\/vc_column][vc_column width=&#8221;1\/4&#8243; el_class=&#8221;c-content-box&#8221;][vc_row_inner][vc_column_inner][vc_single_image source=&#8221;external_link&#8221; external_img_size=&#8221;60&#215;60&#8243; alignment=&#8221;center&#8221; el_class=&#8221;img1&#8243; custom_src=&#8221;https:\/\/tuyensinh.elo.edu.vn\/wp-content\/uploads\/2024\/02\/icon-featured-3.png&#8221;][vc_single_image source=&#8221;external_link&#8221; external_img_size=&#8221;60&#215;60&#8243; alignment=&#8221;center&#8221; el_class=&#8221;img2&#8243; custom_src=&#8221;https:\/\/tuyensinh.elo.edu.vn\/wp-content\/uploads\/2024\/02\/icon-featured-hover-3.png&#8221;][\/vc_column_inner][\/vc_row_inner][vc_custom_heading text=&#8221;Ph\u00e1t tri\u1ec3n k\u1ef9 n\u0103ng nghe &#8211; n\u00f3i ti\u1ebfng H\u00e0n t\u1eeb c\u1ea5p \u0111\u1ed9<br \/>\nc\u01a1 b\u1ea3n \u0111\u1ebfn n\u00e2ng cao&#8221; font_container=&#8221;tag:h6|font_size:18px|text_align:center&#8221; google_fonts=&#8221;font_family:Montserrat%3Aregular%2C700|font_style:700%20bold%20regular%3A700%3Anormal&#8221;][vc_custom_heading text=&#8221;H\u1ecdc vi\u00ean c\u00f3 c\u01a1 h\u1ed9i luy\u1ec7n t\u1eadp k\u1ef9 n\u0103ng giao ti\u1ebfp v\u1edbi gi\u1ea3ng vi\u00ean th\u00f4ng qua c\u00e1c bu\u1ed5i Video Conference \u0111\u1ecbnh k\u1ef3 m\u1ed7i 2 tu\u1ea7n.&#8221; font_container=&#8221;tag:p|font_size:18px|text_align:center&#8221; google_fonts=&#8221;font_family:Montserrat%3Aregular%2C700|font_style:400%20regular%3A400%3Anormal&#8221;][\/vc_column][vc_column width=&#8221;1\/4&#8243; el_class=&#8221;c-content-box&#8221;][vc_row_inner][vc_column_inner][vc_single_image image=&#8221;19492&#8243; img_size=&#8221;60&#215;60&#8243; alignment=&#8221;center&#8221; el_class=&#8221;img1&#8243;][vc_single_image image=&#8221;19496&#8243; img_size=&#8221;60&#215;60&#8243; alignment=&#8221;center&#8221; el_class=&#8221;img2&#8243;][\/vc_column_inner][\/vc_row_inner][vc_custom_heading text=&#8221;\u0110\u01b0\u1ee3c h\u1ed7 tr\u1ee3 b\u1edfi<br \/>\n\u0111\u1ed9i ng\u0169 k\u1ef9 thu\u1eadt&#8221; font_container=&#8221;tag:h6|font_size:18px|text_align:center&#8221; google_fonts=&#8221;font_family:Montserrat%3Aregular%2C700|font_style:700%20bold%20regular%3A700%3Anormal&#8221;][vc_custom_heading text=&#8221;N\u1ebfu c\u00f3 b\u1ea5t k\u1ef3 th\u1eafc m\u1eafc ho\u1eb7c g\u1eb7p c\u00e1c l\u1ed7i k\u1ef9 thu\u1eadt n\u00e0o h\u1ecdc vi\u00ean \u0111\u1eebng ng\u1ea7n ng\u1ea1i g\u1ecdi \u0111i\u1ec7n cho hotline 1800 6119 c\u1ee7a ELO \u0111\u1ec3 \u0111\u01b0\u1ee3c gi\u1ea3i \u0111\u00e1p t\u1eadn t\u00ecnh.&#8221; font_container=&#8221;tag:p|font_size:18px|text_align:center&#8221; google_fonts=&#8221;font_family:Montserrat%3Aregular%2C700|font_style:400%20regular%3A400%3Anormal&#8221;][\/vc_column][\/vc_row][vc_row el_class=&#8221;section2 section&#8221; css=&#8221;.vc_custom_1716542717713{margin-top: 60px !important;}&#8221;][vc_column el_class=&#8221;bg-gradient purpose&#8221; css=&#8221;.vc_custom_1716281701336{border-radius: 20px !important;}&#8221;][vc_row_inner][vc_column_inner width=&#8221;2\/3&#8243; css=&#8221;.vc_custom_1716281506537{padding-left: 50px !important;}&#8221;][vc_custom_heading text=&#8221;M\u1ee5c ti\u00eau c\u1ee7a ch\u01b0\u01a1ng tr\u00ecnh&#8221; font_container=&#8221;tag:h2|font_size:40px|text_align:left|color:%23ffffff&#8221; google_fonts=&#8221;font_family:Montserrat%3Aregular%2C700|font_style:700%20bold%20regular%3A700%3Anormal&#8221;][vc_column_text el_class=&#8221;font-monster&#8221;]- Cung c\u1ea5p ki\u1ebfn th\u1ee9c v\u1ec1 t\u1eeb v\u1ef1ng, ng\u1eef ph\u00e1p, m\u1eabu c\u00e2u t\u1eeb tr\u00ecnh \u0111\u1ed9 s\u01a1 c\u1ea5p \u0111\u1ebfn trung c\u1ea5p<\/p>\n<p>&#8211; Trang b\u1ecb cho h\u1ecdc vi\u00ean k\u1ef9 n\u0103ng nghe, n\u00f3i, \u0111\u1ecdc, vi\u1ebft ti\u1ebfng H\u00e0n<\/p>\n<p>&#8211; R\u00e8n luy\u1ec7n th\u00e1i \u0111\u1ed9 t\u1ef1 h\u1ecdc, t\u1ef1 ph\u00e1t tri\u1ec3n b\u1ea3n th\u00e2n[\/vc_column_text][\/vc_column_inner][vc_column_inner width=&#8221;1\/3&#8243;][vc_single_image image=&#8221;19522&#8243; img_size=&#8221;medium&#8221; alignment=&#8221;center&#8221;][\/vc_column_inner][\/vc_row_inner][\/vc_column][\/vc_row][vc_row el_class=&#8221;section3 section flex flex-center&#8221; css=&#8221;.vc_custom_1716541588699{margin-top: 60px !important;}&#8221;][vc_column el_class=&#8221;test&#8221;][vc_row_inner el_class=&#8221;section-border-dash flex flex-center mb-flex-col&#8221;][vc_column_inner width=&#8221;1\/2&#8243;][vc_single_image image=&#8221;19531&#8243; img_size=&#8221;large&#8221; css=&#8221;.vc_custom_1716541757920{padding-top: 30px !important;padding-right: 20px !important;padding-bottom: 20px !important;padding-left: 20px !important;}&#8221;][\/vc_column_inner][vc_column_inner width=&#8221;1\/2&#8243;][vc_custom_heading text=&#8221;\u0110\u1ed1i t\u01b0\u1ee3ng tham gia&#8221; font_container=&#8221;tag:h2|font_size:40px|text_align:left|color:%230a0a0a&#8221; google_fonts=&#8221;font_family:Montserrat%3Aregular%2C700|font_style:700%20bold%20regular%3A700%3Anormal&#8221; css=&#8221;.vc_custom_1716525310001{margin-bottom: 30px !important;}&#8221;][vc_column_text el_class=&#8221;font-roboto&#8221;]<\/p>\n<ul>\n<li>Ng\u01b0\u1eddi c\u00f3 nguy\u1ec7n v\u1ecdng n\u00e2ng cao kh\u1ea3 n\u0103ng ti\u1ebfng H\u00e0n nh\u1eb1m t\u0103ng c\u01a1 h\u1ed9i l\u00e0m vi\u1ec7c t\u1ea1i c\u00e1c t\u1eadp \u0111o\u00e0n \u0111a qu\u1ed1c gia c\u0169ng nh\u01b0 c\u00f3 th\u1ec3 giao ti\u1ebfp c\u00f9ng nh\u1eefng \u0111\u1ed3ng nghi\u1ec7p ng\u01b0\u1eddi H\u00e0n Qu\u1ed1c trong c\u00f4ng ty<\/li>\n<li>Ng\u01b0\u1eddi y\u00eau th\u00edch v\u0103n h\u00f3a H\u00e0n Qu\u1ed1c v\u00e0 mong mu\u1ed1n \u0111\u01b0\u1ee3c giao ti\u1ebfp v\u1edbi\u2028ng\u01b0\u1eddi b\u1ea3n x\u1ee9&#8221;<\/li>\n<li>Ng\u01b0\u1eddi \u0111i l\u00e0m b\u1eadn r\u1ed9n kh\u00f4ng c\u00f3 th\u1eddi gian \u0111\u1ebfn tr\u01b0\u1eddng l\u1edbp, mong mu\u1ed1n \u0111\u01b0\u1ee3c h\u1ecdc b\u1eb1ng h\u00ecnh th\u1ee9c linh ho\u1ea1t v\u00e0 hi\u1ec7n \u0111\u1ea1i h\u01a1n&#8221;<\/li>\n<\/ul>\n<p>[\/vc_column_text][\/vc_column_inner][\/vc_row_inner][\/vc_column][\/vc_row][vc_row css=&#8221;.vc_custom_1716538839069{margin-top: 60px !important;}&#8221; el_class=&#8221;section4 section&#8221;][vc_column css=&#8221;.vc_custom_1716526249073{padding-right: 0px !important;padding-left: 0px !important;}&#8221;][vc_custom_heading text=&#8221;Gi\u1ea3ng vi\u00ean&#8221; font_container=&#8221;tag:h2|font_size:40px|text_align:center&#8221; google_fonts=&#8221;font_family:Montserrat%3Aregular%2C700|font_style:700%20bold%20regular%3A700%3Anormal&#8221;][vc_row_inner el_class=&#8221;content&#8221;][vc_column_inner el_class=&#8221;col-teacher col1&#8243; width=&#8221;1\/3&#8243;][vc_single_image image=&#8221;19592&#8243; img_size=&#8221;full&#8221; alignment=&#8221;center&#8221;][vc_column_text el_class=&#8221;font-roboto text1&#8243;]<\/p>\n<h2>Gi\u00e1o S\u01b0 Kim Yon Hee<\/h2>\n<p>T\u1ed1t nghi\u1ec7p ti\u1ebfn s\u0129 Tr\u01b0\u1eddng \u0110\u1ea1i h\u1ecdc KonKuk<br \/>\nGi\u00e1o s\u01b0 ng\u00e0nh H\u00e0n qu\u1ed1c h\u1ecdc c\u1ee7a tr\u01b0\u1eddng \u0110\u1ea1i h\u1ecdc Deajin[\/vc_column_text][\/vc_column_inner][vc_column_inner el_class=&#8221;col-teacher col2&#8243; width=&#8221;1\/3&#8243;][vc_single_image image=&#8221;19590&#8243; img_size=&#8221;full&#8221;][vc_column_text el_class=&#8221;font-roboto text2&#8243;]<\/p>\n<h2>Gi\u00e1o S\u01b0 Kim Yon Hee<\/h2>\n<p>T\u1ed1t nghi\u1ec7p ti\u1ebfn s\u0129 Tr\u01b0\u1eddng \u0110\u1ea1i h\u1ecdc KonKuk<br \/>\nGi\u00e1o s\u01b0 ng\u00e0nh H\u00e0n qu\u1ed1c h\u1ecdc c\u1ee7a tr\u01b0\u1eddng \u0110\u1ea1i h\u1ecdc Deajin[\/vc_column_text][\/vc_column_inner][vc_column_inner el_class=&#8221;col-teacher col3&#8243; width=&#8221;1\/3&#8243;][vc_single_image image=&#8221;19591&#8243; img_size=&#8221;full&#8221;][vc_column_text el_class=&#8221;font-roboto text3&#8243;]<\/p>\n<h2>Gi\u00e1o S\u01b0 Kim Yon Hee<\/h2>\n<p>T\u1ed1t nghi\u1ec7p ti\u1ebfn s\u0129 Tr\u01b0\u1eddng \u0110\u1ea1i h\u1ecdc KonKuk<br \/>\nGi\u00e1o s\u01b0 ng\u00e0nh H\u00e0n qu\u1ed1c h\u1ecdc c\u1ee7a tr\u01b0\u1eddng \u0110\u1ea1i h\u1ecdc Deajin[\/vc_column_text][\/vc_column_inner][\/vc_row_inner][\/vc_column][\/vc_row][vc_row el_class=&#8221;section5 section&#8221; css=&#8221;.vc_custom_1716542859962{margin-top: 60px !important;}&#8221;][vc_column css=&#8221;.vc_custom_1716282781005{margin-top: 40px !important;}&#8221; el_class=&#8221;test&#8221;][vc_row_inner content_placement=&#8221;middle&#8221; el_class=&#8221;section-border-dash&#8221;][vc_column_inner width=&#8221;1\/2&#8243;][vc_single_image image=&#8221;19595&#8243; img_size=&#8221;570&#215;414&#8243;][\/vc_column_inner][vc_column_inner width=&#8221;1\/2&#8243;][vc_custom_heading text=&#8221;Gi\u1ea5y ch\u1ee9ng nh\u1eadn&#8221; font_container=&#8221;tag:h2|font_size:40px|text_align:left|color:%230a0a0a&#8221; google_fonts=&#8221;font_family:Montserrat%3Aregular%2C700|font_style:700%20bold%20regular%3A700%3Anormal&#8221; css=&#8221;.vc_custom_1716517969606{margin-bottom: 30px !important;}&#8221;][vc_column_text el_class=&#8221;font-roboto text-18&#8243;]H\u1ecdc vi\u00ean s\u1ebd \u0111\u01b0\u1ee3c c\u1ea5p Ch\u1ee9ng nh\u1eadn ho\u00e0n th\u00e0nh kh\u00f3a h\u1ecdc ti\u1ebfng H\u00e0n (tr\u00ecnh \u0111\u1ed9 t\u01b0\u01a1ng \u0111\u01b0\u01a1ng kh\u00f3a h\u1ecdc h\u1ecdc vi\u00ean \u0111\u00e3 theo h\u1ecdc) do Tr\u01b0\u1eddng \u0110\u1ea1i h\u1ecdc M\u1edf Th\u00e0nh ph\u1ed1 H\u1ed3 Ch\u00ed Minh c\u1ea5p.[\/vc_column_text][\/vc_column_inner][\/vc_row_inner][\/vc_column][\/vc_row][vc_row css=&#8221;.vc_custom_1716542913537{margin-top: 60px !important;}&#8221; el_class=&#8221;section6 section&#8221;][vc_column][vc_custom_heading text=&#8221;Th\u00f4ng tin kho\u00e1 h\u1ecdc&#8221; font_container=&#8221;tag:h2|font_size:40px|text_align:center&#8221; google_fonts=&#8221;font_family:Montserrat%3Aregular%2C700|font_style:700%20bold%20regular%3A700%3Anormal&#8221;][\/vc_column][\/vc_row][vc_row el_class=&#8221;section&#8221;][vc_column el_class=&#8221;course-info-detail&#8221;][vc_single_image image=&#8221;19593&#8243; img_size=&#8221;53&#215;68&#8243;][vc_row_inner el_class=&#8221;inner&#8221;][vc_column_inner][vc_column_text]<\/p>\n<h3>H\u00ecnh Th\u1ee9c H\u1ecdc<\/h3>\n<p>SELF-PACED (100% tr\u1ef1c tuy\u1ebfn)[\/vc_column_text][vc_column_text]<\/p>\n<h3>C\u1ea5u Tr\u00fac Kh\u00f3a H\u1ecdc<\/h3>\n<ul>\n<li>Kh\u00f3a h\u1ecdc S\u01a1 c\u1ea5p 1: 8 modules \u2013 H\u1ecdc trong 10 tu\u1ea7n<\/li>\n<li>Kh\u00f3a h\u1ecdc S\u01a1 c\u1ea5p 2: 7 modules &#8211; H\u1ecdc trong 10 tu\u1ea7n<\/li>\n<li>Kh\u00f3a h\u1ecdc S\u01a1 c\u1ea5p 3: 9 modules \u2013 H\u1ecdc trong 10 tu\u1ea7n<\/li>\n<li>Kh\u00f3a h\u1ecdc Trung c\u1ea5p 1: 10 modules \u2013 H\u1ecdc trong 10 tu\u1ea7n<\/li>\n<li>Kh\u00f3a h\u1ecdc Trung c\u1ea5p 2: 10 modules \u2013 H\u1ecdc trong 10 tu\u1ea7n.<\/li>\n<\/ul>\n<div class=\"ddict_btn\" style=\"top: 61px; left: 241.828px;\"><\/div>\n<p>[\/vc_column_text][vc_column_text]<\/p>\n<h3>C\u00e1ch H\u1ecdc<\/h3>\n<ul>\n<li>B\u01b0\u1edbc 1: Xem b\u00e0i gi\u1ea3ng tr\u00ean h\u1ec7 th\u1ed1ng<\/li>\n<li>B\u01b0\u1edbc 2: \u0110\u1ecdc t\u00e0i li\u1ec7u, th\u1ef1c h\u00e0nh, l\u00e0m b\u00e0i t\u1eadp<\/li>\n<li>B\u01b0\u1edbc 3: Ho\u00e0n th\u00e0nh c\u00e1c b\u00e0i ki\u1ec3m tra theo l\u1ecbch tr\u00ecnh c\u00e1 nh\u00e2n<\/li>\n<li>B\u01b0\u1edbc 4: K\u1ebft th\u00fac kh\u00f3a h\u1ecdc<\/li>\n<\/ul>\n<div class=\"ddict_btn\" style=\"top: 57px; left: 241.828px;\"><\/div>\n<p>[\/vc_column_text][vc_column_text]<\/p>\n<h3>Th\u1eddi Gian Khai Gi\u1ea3ng<\/h3>\n<p>B\u1eaft \u0111\u1ea7u kh\u00f3a h\u1ecdc ngay sau khi ho\u00e0n t\u1ea5t th\u1ee7 t\u1ee5c \u0111\u0103ng k\u00fd[\/vc_column_text][\/vc_column_inner][\/vc_row_inner][\/vc_column][\/vc_row][vc_row el_class=&#8221;section7 section&#8221; css=&#8221;.vc_custom_1716542898215{margin-top: 60px !important;}&#8221;][vc_column css=&#8221;.vc_custom_1716523957446{padding-right: 0px !important;padding-left: 0px !important;}&#8221;][vc_custom_heading text=&#8221;C\u1ea5u tr\u00fac kho\u00e1 h\u1ecdc&#8221; font_container=&#8221;tag:h2|font_size:40px|text_align:center&#8221; google_fonts=&#8221;font_family:Montserrat%3Aregular%2C700|font_style:700%20bold%20regular%3A700%3Anormal&#8221; css=&#8221;.vc_custom_1716521156533{margin-top: 90px !important;margin-bottom: 90px !important;}&#8221;][vc_column_text el_class=&#8221;course-structure-wrapper&#8221;]<div class='white' style='background:rgba(0,0,0,0); border:solid 0px rgba(0,0,0,0); border-radius:0px; padding:0px 0px 0px 0px; overflow:hidden;'>\n<div id='slider_19613' class='owl-carousel sa_owl_theme autohide-arrows showcase_tablet showcase_hide_mobile' data-slider-id='slider_19613' style='visibility:hidden; width:100%; left:-0%; --widthtab:100%; --lefttab:-0%;'>\n<div id='slider_19613_slide01' class='sa_hover_container' style='padding:5% 5%; margin:0px 0%; '><div class=\"course-structure\">\r\n<div class=\"one-one\">\r\n<h3 class=\"main-title\">\r\n<p>Kh\u00f3a ti\u1ebfng H\u00e0n<\/p>\r\n<p>giao ti\u1ebfp 1- s\u01a1 c\u1ea5p 1<\/p>\r\n<\/h3>\r\n<h4 class=\"sub-title\"><p>H\u1ecdc Ph\u00ed<\/p><p>990,000 VN\u0110<\/p><\/h4>\r\n<span class=\"button-show-detail\"><\/span>\r\n<div class=\"detail-content\">\r\n    <div class=\"one-one\">\r\n           <p>Lorem ipsum dolor sit amet, consectetur adipiscing elit. Sed tincidunt eget dolor vel euismod. Sed et ullamcorper mauris.<\/p>\r\n     <\/div>\r\n<\/div>\r\n<\/div>\r\n<\/div><\/div>\n<div id='slider_19613_slide02' class='sa_hover_container' style='padding:5% 5%; margin:0px 0%; '><div class=\"course-structure\">\r\n<div class=\"one-one\">\r\n<h3 class=\"main-title\">\r\n<p>Kh\u00f3a ti\u1ebfng H\u00e0n<\/p>\r\n<p>giao ti\u1ebfp 2- s\u01a1 c\u1ea5p 2<\/p>\r\n<\/h3>\r\n<h4 class=\"sub-title\"><p>H\u1ecdc Ph\u00ed<\/p><p>990,000 VN\u0110<\/p><\/h4>\r\n<span class=\"button-show-detail\"><\/span>\r\n<div class=\"detail-content\">\r\n    <div class=\"one-one\">\r\n           <p>Lorem ipsum dolor sit amet, consectetur adipiscing elit. Sed tincidunt eget dolor vel euismod. Sed et ullamcorper mauris.<\/p>\r\n     <\/div>\r\n<\/div>\r\n<\/div>\r\n<\/div><\/div>\n<div id='slider_19613_slide03' class='sa_hover_container' style='padding:5% 5%; margin:0px 0%; '><div class=\"course-structure\">\r\n<div class=\"one-one\">\r\n<h3 class=\"main-title\">\r\n<p>Kh\u00f3a ti\u1ebfng H\u00e0n<\/p>\r\n<p>giao ti\u1ebfp 3- s\u01a1 c\u1ea5p 3<\/p>\r\n<\/h3>\r\n<h4 class=\"sub-title\"><p>H\u1ecdc Ph\u00ed<\/p><p>990,000 VN\u0110<\/p><\/h4>\r\n<span class=\"button-show-detail\"><\/span>\r\n<div class=\"detail-content\">\r\n    <div class=\"one-one\">\r\n           <p>Lorem ipsum dolor sit amet, consectetur adipiscing elit. Sed tincidunt eget dolor vel euismod. Sed et ullamcorper mauris.<\/p>\r\n     <\/div>\r\n<\/div>\r\n<\/div>\r\n<\/div><\/div>\n<div id='slider_19613_slide04' class='sa_hover_container' style='padding:5% 5%; margin:0px 0%; '><div class=\"course-structure\">\r\n<div class=\"one-one\">\r\n<h3 class=\"main-title\">\r\n<p>Kh\u00f3a ti\u1ebfng H\u00e0n<\/p>\r\n<p>giao ti\u1ebfp 4- s\u01a1 c\u1ea5p 4<\/p>\r\n<\/h3>\r\n<h4 class=\"sub-title\"><p>H\u1ecdc Ph\u00ed<\/p><p>990,000 VN\u0110<\/p><\/h4>\r\n<span class=\"button-show-detail\"><\/span>\r\n<div class=\"detail-content\">\r\n    <div class=\"one-one\">\r\n           <p>Lorem ipsum dolor sit amet, consectetur adipiscing elit. Sed tincidunt eget dolor vel euismod. Sed et ullamcorper mauris.<\/p>\r\n     <\/div>\r\n<\/div>\r\n<\/div>\r\n<\/div><\/div>\n<\/div>\n<div id='showcase_19613' class='showcase_nav owl-nav autohide_arrows'><\/div>\n<\/div>\n<script type='text\/javascript'>\n\tjQuery(document).ready(function() {\n\t\tjQuery('#slider_19613').owlCarousel({\n\t\t\tresponsive:{\n\t\t\t\t0:{ items:1 },\n\t\t\t\t480:{ items:1 },\n\t\t\t\t768:{ items:1 },\n\t\t\t\t980:{ items:2 },\n\t\t\t\t1200:{ items:3 },\n\t\t\t\t1500:{ items:3 }\n\t\t\t},\n\t\t\tautoplay : true,\n\t\t\tautoplayTimeout : 5000,\n\t\t\tautoplayHoverPause : true,\n\t\t\tsmartSpeed : 200,\n\t\t\tfluidSpeed : 200,\n\t\t\tautoplaySpeed : 200,\n\t\t\tnavSpeed : 200,\n\t\t\tdotsSpeed : 200,\n\t\t\tloop : true,\n\t\t\tnav : true,\n\t\t\tnavText : ['Previous','Next'],\n\t\t\tnavContainer : '#showcase_19613',\n\t\t\tdots : false,\n\t\t\tresponsiveRefreshRate : 200,\n\t\t\tslideBy : 1,\n\t\t\tmergeFit : true,\n\t\t\tautoHeight : false,\n\t\t\tmouseDrag : true,\n\t\t\ttouchDrag : true\n\t\t});\n\t\tjQuery('#slider_19613').css('visibility', 'visible');\n\t\tsa_resize_slider_19613();\n\t\twindow.addEventListener('resize', sa_resize_slider_19613);\n\t\tfunction sa_resize_slider_19613() {\n\t\t\tvar min_height = '50';\n\t\t\tvar win_width = jQuery(window).width();\n\t\t\tvar slider_width = jQuery('#slider_19613').width();\n\t\t\tif (win_width < 480) {\n\t\t\t\tvar slide_width = slider_width \/ 1;\n\t\t\t} else if (win_width < 768) {\n\t\t\t\tvar slide_width = slider_width \/ 1;\n\t\t\t} else if (win_width < 980) {\n\t\t\t\tvar slide_width = slider_width \/ 1;\n\t\t\t} else if (win_width < 1200) {\n\t\t\t\tvar slide_width = slider_width \/ 2;\n\t\t\t} else if (win_width < 1500) {\n\t\t\t\tvar slide_width = slider_width \/ 3;\n\t\t\t} else {\n\t\t\t\tvar slide_width = slider_width \/ 3;\n\t\t\t}\n\t\t\tslide_width = Math.round(slide_width);\n\t\t\tvar slide_height = '0';\n\t\t\tif (min_height == 'aspect43') {\n\t\t\t\tslide_height = (slide_width \/ 4) * 3;\t\t\t\tslide_height = Math.round(slide_height);\n\t\t\t} else if (min_height == 'aspect169') {\n\t\t\t\tslide_height = (slide_width \/ 16) * 9;\t\t\t\tslide_height = Math.round(slide_height);\n\t\t\t} else {\n\t\t\t\tslide_height = (slide_width \/ 100) * min_height;\t\t\t\tslide_height = Math.round(slide_height);\n\t\t\t}\n\t\t\tjQuery('#slider_19613 .owl-item .sa_hover_container').css('min-height', slide_height+'px');\n\t\t}\n\t\tset_first_last_active_classes('slider_19613');\n\t\tjQuery('#slider_19613').on('translated.owl.carousel resized.owl.carousel', function(event) {\n\t\t\tset_first_last_active_classes('slider_19613');\n\t\t});\n\t\tfunction set_first_last_active_classes(css_id) {\n\t\t\tvar total = jQuery('#slider_19613 .owl-stage .owl-item.active').length;\n\t\t\tjQuery('#slider_19613 .owl-stage .owl-item').removeClass('sc_partial');\n\t\t\tjQuery('#slider_19613 .owl-stage .owl-item.active').each(function(index){\n\t\t\t\tif (index === 0) {\n\t\t\t\t\tjQuery(this).addClass('sc_partial');\n\t\t\t\t}\n\t\t\t\tif (index === total - 1 && total > 1) {\n\t\t\t\t\tjQuery(this).addClass('sc_partial');\n\t\t\t\t}\n\t\t\t});\n\t\t}\n\t\tvar owl_goto = jQuery('#slider_19613');\n\t\tjQuery('.slider_19613_goto1').click(function(event){\n\t\t\towl_goto.trigger('to.owl.carousel', 0);\n\t\t});\n\t\tjQuery('.slider_19613_goto2').click(function(event){\n\t\t\towl_goto.trigger('to.owl.carousel', 1);\n\t\t});\n\t\tjQuery('.slider_19613_goto3').click(function(event){\n\t\t\towl_goto.trigger('to.owl.carousel', 2);\n\t\t});\n\t\tjQuery('.slider_19613_goto4').click(function(event){\n\t\t\towl_goto.trigger('to.owl.carousel', 3);\n\t\t});\n\t\tvar resize_19613 = jQuery('.owl-carousel');\n\t\tresize_19613.on('initialized.owl.carousel', function(e) {\n\t\t\tif (typeof(Event) === 'function') {\n\t\t\t\twindow.dispatchEvent(new Event('resize'));\n\t\t\t} else {\n\t\t\t\tvar evt = window.document.createEvent('UIEvents');\n\t\t\t\tevt.initUIEvent('resize', true, false, window, 0);\n\t\t\t\twindow.dispatchEvent(evt);\n\t\t\t}\n\t\t});\n\t});\n<\/script>\n[\/vc_column_text][\/vc_column][\/vc_row][vc_row full_width=&#8221;stretch_row&#8221; bg_type=&#8221;image&#8221; bg_override=&#8221;browser_size&#8221; el_class=&#8221;section8&#8243; css=&#8221;.vc_custom_1716433637153{background-position: center !important;background-repeat: no-repeat !important;background-size: cover !important;}&#8221;][vc_column][vc_custom_heading text=&#8221;\u0110\u0103ng k\u00fd t\u01b0 v\u1ea5n&#8221; font_container=&#8221;tag:h2|font_size:40px|text_align:center|color:%23ffffff&#8221; google_fonts=&#8221;font_family:Montserrat%3Aregular%2C700|font_style:700%20bold%20regular%3A700%3Anormal&#8221; css=&#8221;.vc_custom_1716433695785{margin-top: 90px !important;margin-bottom: 60px !important;}&#8221;][vc_raw_html]JTVCZm9ybWlkYWJsZSUyMGlkJTNENiU1RA==[\/vc_raw_html][\/vc_column][\/vc_row]<\/p>\n","protected":false},"excerpt":{"rendered":"<p>[vc_row bg_type=&#8221;image&#8221; bg_override=&#8221;ex-full&#8221; css=&#8221;.vc_custom_1716349797301{background-image: url(https:\/\/elo.edu.vn\/wp-content\/uploads\/2024\/05\/banner-tieng-han.png?id=19479) !important;background-position: center !important;background-repeat: no-repeat !important;background-size: cover !important;}&#8221; el_class=&#8221;banner&#8221;][vc_column][\/vc_column][\/vc_row][vc_row el_class=&#8221;section1&#8243;][vc_column css=&#8221;.vc_custom_1716281592868{padding-top: 50px !important;padding-bottom: 50px !important;}&#8221;][vc_custom_heading text=&#8221;V\u00cc SAO N\u00caN L\u1ef0A CH\u1eccN H\u1eccC TI\u1ebeNG H\u00c0N T\u1ea0I ELO?&#8221; font_container=&#8221;tag:h2|font_size:40px|text_align:center&#8221; google_fonts=&#8221;font_family:Montserrat%3Aregular%2C700|font_style:700%20bold%20regular%3A700%3Anormal&#8221;][\/vc_column][\/vc_row][vc_row el_class=&#8221;c-flex mb-flex-col section1&#8243;][vc_column width=&#8221;1\/4&#8243; el_class=&#8221;c-content-box&#8221;][vc_row_inner][vc_column_inner][vc_single_image image=&#8221;19489&#8243; img_size=&#8221;60&#215;60&#8243; alignment=&#8221;center&#8221; el_class=&#8221;img1&#8243;][vc_single_image image=&#8221;19493&#8243; img_size=&#8221;60&#215;60&#8243; alignment=&#8221;center&#8221; el_class=&#8221;img2&#8243;][\/vc_column_inner][\/vc_row_inner][vc_custom_heading text=&#8221;H\u1ecdc online 100%&#8221; font_container=&#8221;tag:h6|font_size:18px|text_align:center&#8221; google_fonts=&#8221;font_family:Montserrat%3Aregular%2C700|font_style:700%20bold%20regular%3A700%3Anormal&#8221;][vc_custom_heading text=&#8221;H\u00ecnh th\u1ee9c h\u1ecdc \u1edf ELO l\u00e0 [&hellip;]<\/p>\n","protected":false},"author":15,"featured_media":0,"parent":0,"menu_order":0,"comment_status":"closed","ping_status":"closed","template":"","meta":[],"_links":{"self":[{"href":"https:\/\/elo.edu.vn\/index.php?rest_route=\/wp\/v2\/pages\/19477"}],"collection":[{"href":"https:\/\/elo.edu.vn\/index.php?rest_route=\/wp\/v2\/pages"}],"about":[{"href":"https:\/\/elo.edu.vn\/index.php?rest_route=\/wp\/v2\/types\/page"}],"author":[{"embeddable":true,"href":"https:\/\/elo.edu.vn\/index.php?rest_route=\/wp\/v2\/users\/15"}],"replies":[{"embeddable":true,"href":"https:\/\/elo.edu.vn\/index.php?rest_route=%2Fwp%2Fv2%2Fcomments&post=19477"}],"version-history":[{"count":135,"href":"https:\/\/elo.edu.vn\/index.php?rest_route=\/wp\/v2\/pages\/19477\/revisions"}],"predecessor-version":[{"id":19654,"href":"https:\/\/elo.edu.vn\/index.php?rest_route=\/wp\/v2\/pages\/19477\/revisions\/19654"}],"wp:attachment":[{"href":"https:\/\/elo.edu.vn\/index.php?rest_route=%2Fwp%2Fv2%2Fmedia&parent=19477"}],"curies":[{"name":"wp","href":"https:\/\/api.w.org\/{rel}","templated":true}]}}