
{"id":20842,"date":"2025-07-23T14:46:31","date_gmt":"2025-07-23T07:46:31","guid":{"rendered":"https:\/\/elo.edu.vn\/?page_id=20842"},"modified":"2025-07-23T14:50:58","modified_gmt":"2025-07-23T07:50:58","slug":"dieu-khoan-su-dung","status":"publish","type":"page","link":"https:\/\/elo.edu.vn\/?page_id=20842","title":{"rendered":"\u0110I\u1ec0U KHO\u1ea2N S\u1eec D\u1ee4NG"},"content":{"rendered":"<p>Ch\u00e0o m\u1eebng b\u1ea1n \u0111\u1ebfn v\u1edbi \u1ee9ng d\u1ee5ng <strong>HCMCOU-ELO<\/strong> c\u1ee7a Trung t\u00e2m \u0111\u00e0o t\u1ea1o tr\u1ef1c tuy\u1ebfn (Trung t\u00e2m) &#8211; <strong>Tr\u01b0\u1eddng \u0110\u1ea1i h\u1ecdc M\u1edf TP. H\u1ed3 Ch\u00ed Minh<\/strong>. B\u1eb1ng c\u00e1ch truy c\u1eadp v\u00e0 s\u1eed d\u1ee5ng \u1ee9ng d\u1ee5ng n\u00e0y, b\u1ea1n \u0111\u1ed3ng \u00fd v\u1edbi c\u00e1c \u0111i\u1ec1u kho\u1ea3n v\u00e0 \u0111i\u1ec1u ki\u1ec7n \u0111\u01b0\u1ee3c n\u00eau d\u01b0\u1edbi \u0111\u00e2y.<\/p>\n<p><strong>1. M\u1ee5c \u0111\u00edch c\u1ee7a \u1ee9ng d\u1ee5ng<\/strong><\/p>\n<p>\u1ee8ng d\u1ee5ng <strong>HCMCOU-ELO<\/strong> \u0111\u01b0\u1ee3c cung c\u1ea5p nh\u1eb1m m\u1ee5c \u0111\u00edch h\u1ed7 tr\u1ee3 h\u1ecdc t\u1eadp v\u00e0 gi\u1ea3ng d\u1ea1y t\u1ea1i Trung t\u00e2m. \u1ee8ng d\u1ee5ng n\u00e0y cho ph\u00e9p ng\u01b0\u1eddi d\u00f9ng truy c\u1eadp v\u00e0o c\u00e1c kh\u00f3a h\u1ecdc, t\u00e0i li\u1ec7u h\u1ecdc t\u1eadp, tham gia c\u00e1c di\u1ec5n \u0111\u00e0n, v\u00e0 th\u1ef1c hi\u1ec7n c\u00e1c ho\u1ea1t \u0111\u1ed9ng h\u1ecdc t\u1eadp tr\u1ef1c tuy\u1ebfn kh\u00e1c.<\/p>\n<p><strong>2. T\u00e0i kho\u1ea3n ng\u01b0\u1eddi d\u00f9ng<\/strong><\/p>\n<ul>\n<li>Ng\u01b0\u1eddi d\u00f9ng s\u1eed d\u1ee5ng t\u00e0i kho\u1ea3n truy c\u1eadp ELOLMS \u0111\u1ec3 \u0111\u0103ng nh\u1eadp \u1ee9ng d\u1ee5ng.<\/li>\n<li>Ng\u01b0\u1eddi d\u00f9ng c\u00f3 tr\u00e1ch nhi\u1ec7m b\u1ea3o m\u1eadt th\u00f4ng tin \u0111\u0103ng nh\u1eadp c\u1ee7a m\u00ecnh. Trung t\u00e2m kh\u00f4ng ch\u1ecbu tr\u00e1ch nhi\u1ec7m \u0111\u1ed1i v\u1edbi b\u1ea5t k\u1ef3 m\u1ea5t m\u00e1t ho\u1eb7c thi\u1ec7t h\u1ea1i n\u00e0o ph\u00e1t sinh t\u1eeb vi\u1ec7c ng\u01b0\u1eddi d\u00f9ng kh\u00f4ng b\u1ea3o m\u1eadt th\u00f4ng tin \u0111\u0103ng nh\u1eadp.<\/li>\n<li>M\u1ed7i ng\u01b0\u1eddi d\u00f9ng ch\u1ec9 \u0111\u01b0\u1ee3c ph\u00e9p s\u1eed d\u1ee5ng m\u1ed9t t\u00e0i kho\u1ea3n duy nh\u1ea5t. Vi\u1ec7c s\u1eed d\u1ee5ng nhi\u1ec1u t\u00e0i kho\u1ea3n ho\u1eb7c chia s\u1ebb t\u00e0i kho\u1ea3n v\u1edbi ng\u01b0\u1eddi kh\u00e1c b\u1ecb nghi\u00eam c\u1ea5m.<\/li>\n<\/ul>\n<p><strong>3. Quy\u1ec1n v\u00e0 tr\u00e1ch nhi\u1ec7m c\u1ee7a ng\u01b0\u1eddi d\u00f9ng<\/strong><\/p>\n<ul>\n<li>Ng\u01b0\u1eddi d\u00f9ng kh\u00f4ng \u0111\u01b0\u1ee3c ph\u00e9p sao ch\u00e9p, ch\u1ec9nh s\u1eeda, ph\u00e2n ph\u1ed1i, t\u00e1i s\u1eed d\u1ee5ng ho\u1eb7c khai th\u00e1c n\u1ed9i dung video \u0111\u00e3 t\u1ea3i xu\u1ed1ng cho b\u1ea5t k\u1ef3 m\u1ee5c \u0111\u00edch n\u00e0o ngo\u00e0i h\u1ecdc t\u1eadp m\u00e0 kh\u00f4ng c\u00f3 s\u1ef1 \u0111\u1ed3ng \u00fd c\u1ee7a Trung t\u00e2m. N\u1ebfu b\u1ea1n ph\u00e1t hi\u1ec7n n\u1ed9i dung b\u1ecb vi ph\u1ea1m b\u1ea3n quy\u1ec1n, vui l\u00f2ng li\u00ean h\u1ec7 Trung t\u00e2m trong th\u1eddi gian s\u1edbm nh\u1ea5t.<\/li>\n<li>Ng\u01b0\u1eddi d\u00f9ng c\u00f3 quy\u1ec1n truy c\u1eadp v\u00e0o c\u00e1c kh\u00f3a h\u1ecdc, t\u00e0i li\u1ec7u v\u00e0 th\u00f4ng tin \u0111\u01b0\u1ee3c cung c\u1ea5p b\u1edfi gi\u1ea3ng vi\u00ean ho\u1eb7c trung t\u00e2m.<\/li>\n<li>Ng\u01b0\u1eddi d\u00f9ng ph\u1ea3i tu\u00e2n th\u1ee7 c\u00e1c quy \u0111\u1ecbnh c\u1ee7a Trung t\u00e2m v\u00e0 ph\u00e1p lu\u1eadt Vi\u1ec7t Nam trong vi\u1ec7c s\u1eed d\u1ee5ng \u1ee9ng d\u1ee5ng.<\/li>\n<li>Ng\u01b0\u1eddi d\u00f9ng kh\u00f4ng \u0111\u01b0\u1ee3c ph\u00e9p s\u1eed d\u1ee5ng \u1ee9ng d\u1ee5ng \u0111\u1ec3 truy\u1ec1n t\u1ea3i th\u00f4ng tin sai s\u1ef1 th\u1eadt, l\u1ea1m d\u1ee5ng, qu\u1ea5y r\u1ed1i, hay g\u00e2y t\u1ed5n h\u1ea1i \u0111\u1ebfn ng\u01b0\u1eddi kh\u00e1c.<\/li>\n<li>Ng\u01b0\u1eddi d\u00f9ng kh\u00f4ng \u0111\u01b0\u1ee3c th\u1ef1c hi\u1ec7n b\u1ea5t k\u1ef3 h\u00e0nh \u0111\u1ed9ng n\u00e0o nh\u1eb1m ph\u00e1 ho\u1ea1i h\u1ec7 th\u1ed1ng, t\u1ea5n c\u00f4ng m\u1ea1ng ho\u1eb7c l\u1ee3i d\u1ee5ng \u1ee9ng d\u1ee5ng \u0111\u1ec3 th\u1ef1c hi\u1ec7n c\u00e1c ho\u1ea1t \u0111\u1ed9ng b\u1ea5t h\u1ee3p ph\u00e1p.<\/li>\n<\/ul>\n<p><strong>4. N\u1ed9i dung kh\u00f3a h\u1ecdc v\u00e0 t\u00e0i li\u1ec7u<\/strong><\/p>\n<ul>\n<li>M\u1ecdi n\u1ed9i dung trong \u1ee9ng d\u1ee5ng HCMCOU-ELO bao g\u1ed3m nh\u01b0ng kh\u00f4ng gi\u1edbi h\u1ea1n \u1edf c\u00e1c kh\u00f3a h\u1ecdc, t\u00e0i li\u1ec7u h\u1ecdc t\u1eadp, b\u00e0i gi\u1ea3ng, video, v\u00e0 c\u00e1c t\u00e0i li\u1ec7u kh\u00e1c \u0111\u1ec1u thu\u1ed9c s\u1edf h\u1eefu tr\u00ed tu\u1ec7 c\u1ee7a Trung t\u00e2m ho\u1eb7c b\u00ean cung c\u1ea5p t\u00e0i li\u1ec7u.<\/li>\n<li>Ng\u01b0\u1eddi d\u00f9ng ch\u1ec9 \u0111\u01b0\u1ee3c ph\u00e9p s\u1eed d\u1ee5ng n\u1ed9i dung cho m\u1ee5c \u0111\u00edch h\u1ecdc t\u1eadp c\u00e1 nh\u00e2n v\u00e0 kh\u00f4ng \u0111\u01b0\u1ee3c sao ch\u00e9p, ch\u1ec9nh s\u1eeda, ph\u00e2n ph\u1ed1i ho\u1eb7c s\u1eed d\u1ee5ng cho c\u00e1c m\u1ee5c \u0111\u00edch th\u01b0\u01a1ng m\u1ea1i m\u00e0 kh\u00f4ng c\u00f3 s\u1ef1 \u0111\u1ed3ng \u00fd tr\u01b0\u1edbc b\u1eb1ng v\u0103n b\u1ea3n t\u1eeb Trung t\u00e2m ho\u1eb7c ch\u1ee7 s\u1edf h\u1eefu t\u00e0i li\u1ec7u.<\/li>\n<\/ul>\n<p><strong>5. Quy\u1ec1n c\u1ee7a Trung t\u00e2m<\/strong><\/p>\n<ul>\n<li>Trung t\u00e2m c\u00f3 quy\u1ec1n ki\u1ec3m so\u00e1t, c\u1eadp nh\u1eadt, thay \u0111\u1ed5i ho\u1eb7c ng\u1eebng cung c\u1ea5p b\u1ea5t k\u1ef3 ph\u1ea7n n\u00e0o c\u1ee7a \u1ee9ng d\u1ee5ng m\u00e0 kh\u00f4ng c\u1ea7n th\u00f4ng b\u00e1o tr\u01b0\u1edbc.<\/li>\n<li>Trung t\u00e2m c\u00f3 quy\u1ec1n \u0111\u00ecnh ch\u1ec9 b\u1ecf t\u00e0i kho\u1ea3n ng\u01b0\u1eddi d\u00f9ng ho\u1eb7c y\u00eau c\u1ea7u b\u1ed3i th\u01b0\u1eddng t\u1eeb ph\u00eda ng\u01b0\u1eddi d\u00f9ng n\u1ebfu ph\u00e1t hi\u1ec7n vi ph\u1ea1m c\u00e1c \u0111i\u1ec1u kho\u1ea3n s\u1eed d\u1ee5ng, ho\u1eb7c n\u1ebfu ng\u01b0\u1eddi d\u00f9ng c\u00f3 h\u00e0nh vi kh\u00f4ng ph\u00f9 h\u1ee3p, tr\u00e1i ph\u00e1p lu\u1eadt ho\u1eb7c g\u00e2y h\u1ea1i \u0111\u1ebfn h\u1ec7 th\u1ed1ng v\u00e0 c\u1ed9ng \u0111\u1ed3ng ng\u01b0\u1eddi d\u00f9ng.<\/li>\n<\/ul>\n<p><strong>6. B\u1ea3o m\u1eadt v\u00e0 b\u1ea3o v\u1ec7 d\u1eef li\u1ec7u c\u00e1 nh\u00e2n<\/strong><\/p>\n<ul>\n<li>Trung t\u00e2m cam k\u1ebft b\u1ea3o v\u1ec7 th\u00f4ng tin c\u00e1 nh\u00e2n c\u1ee7a ng\u01b0\u1eddi d\u00f9ng. Th\u00f4ng tin \u0111\u01b0\u1ee3c thu th\u1eadp s\u1ebd ch\u1ec9 \u0111\u01b0\u1ee3c s\u1eed d\u1ee5ng cho m\u1ee5c \u0111\u00edch qu\u1ea3n l\u00fd h\u1ecdc t\u1eadp v\u00e0 c\u1ea3i thi\u1ec7n d\u1ecbch v\u1ee5 c\u1ee7a \u1ee9ng d\u1ee5ng.<\/li>\n<\/ul>\n<p><strong>7. Tr\u00e1ch nhi\u1ec7m ph\u00e1p l\u00fd<\/strong><\/p>\n<ul>\n<li>Trung t\u00e2m kh\u00f4ng ch\u1ecbu tr\u00e1ch nhi\u1ec7m \u0111\u1ed1i v\u1edbi b\u1ea5t k\u1ef3 thi\u1ec7t h\u1ea1i tr\u1ef1c ti\u1ebfp ho\u1eb7c gi\u00e1n ti\u1ebfp n\u00e0o ph\u00e1t sinh t\u1eeb vi\u1ec7c s\u1eed d\u1ee5ng \u1ee9ng d\u1ee5ng.<\/li>\n<li>Ng\u01b0\u1eddi d\u00f9ng t\u1ef1 ch\u1ecbu tr\u00e1ch nhi\u1ec7m \u0111\u1ed1i v\u1edbi vi\u1ec7c s\u1eed d\u1ee5ng t\u00e0i li\u1ec7u v\u00e0 n\u1ed9i dung t\u1eeb \u1ee9ng d\u1ee5ng, c\u0169ng nh\u01b0 \u0111\u1ed1i v\u1edbi c\u00e1c h\u00e0nh vi vi ph\u1ea1m ph\u00e1p lu\u1eadt ho\u1eb7c \u0111i\u1ec1u kho\u1ea3n s\u1eed d\u1ee5ng.<\/li>\n<\/ul>\n<p><strong>8. Thay \u0111\u1ed5i \u0110i\u1ec1u kho\u1ea3n s\u1eed d\u1ee5ng<\/strong><\/p>\n<ul>\n<li>Trung t\u00e2m c\u00f3 quy\u1ec1n s\u1eeda \u0111\u1ed5i ho\u1eb7c c\u1eadp nh\u1eadt c\u00e1c \u0111i\u1ec1u kho\u1ea3n n\u00e0y b\u1ea5t k\u1ef3 l\u00fac n\u00e0o m\u00e0 kh\u00f4ng c\u1ea7n th\u00f4ng b\u00e1o tr\u01b0\u1edbc. Vi\u1ec7c ti\u1ebfp t\u1ee5c s\u1eed d\u1ee5ng \u1ee9ng d\u1ee5ng sau khi c\u00e1c \u0111i\u1ec1u kho\u1ea3n \u0111\u01b0\u1ee3c c\u1eadp nh\u1eadt \u0111\u1ed3ng ngh\u0129a v\u1edbi vi\u1ec7c ng\u01b0\u1eddi d\u00f9ng ch\u1ea5p nh\u1eadn nh\u1eefng thay \u0111\u1ed5i n\u00e0y.<\/li>\n<\/ul>\n<p><strong>9. Li\u00ean h\u1ec7<\/strong><\/p>\n<p>N\u1ebfu b\u1ea1n c\u00f3 b\u1ea5t k\u1ef3 c\u00e2u h\u1ecfi n\u00e0o li\u00ean quan \u0111\u1ebfn \u0110i\u1ec1u kho\u1ea3n s\u1eed d\u1ee5ng, vui l\u00f2ng li\u00ean h\u1ec7 ch\u00fang t\u00f4i qua \u0111\u1ecba ch\u1ec9:<\/p>\n<p><strong>Tr\u01b0\u1eddng \u0110\u1ea1i h\u1ecdc M\u1edf TP. H\u1ed3 Ch\u00ed Minh<\/strong><br \/>\n\u0110\u1ecba ch\u1ec9: 97 V\u00f5 V\u0103n T\u1ea7n, Ph\u01b0\u1eddng Xu\u00e2n H\u00f2a, Th\u00e0nh ph\u1ed1 H\u1ed3 Ch\u00ed Minh<br \/>\nEmail: kythuat@oude.edu.vn<br \/>\nS\u1ed1 \u0111i\u1ec7n tho\u1ea1i: 1800599953<\/p>\n","protected":false},"excerpt":{"rendered":"<p>Ch\u00e0o m\u1eebng b\u1ea1n \u0111\u1ebfn v\u1edbi \u1ee9ng d\u1ee5ng HCMCOU-ELO c\u1ee7a Trung t\u00e2m \u0111\u00e0o t\u1ea1o tr\u1ef1c tuy\u1ebfn (Trung t\u00e2m) &#8211; Tr\u01b0\u1eddng \u0110\u1ea1i h\u1ecdc M\u1edf TP. H\u1ed3 Ch\u00ed Minh. B\u1eb1ng c\u00e1ch truy c\u1eadp v\u00e0 s\u1eed d\u1ee5ng \u1ee9ng d\u1ee5ng n\u00e0y, b\u1ea1n \u0111\u1ed3ng \u00fd v\u1edbi c\u00e1c \u0111i\u1ec1u kho\u1ea3n v\u00e0 \u0111i\u1ec1u ki\u1ec7n \u0111\u01b0\u1ee3c n\u00eau d\u01b0\u1edbi \u0111\u00e2y. 1. M\u1ee5c \u0111\u00edch c\u1ee7a \u1ee9ng [&hellip;]<\/p>\n","protected":false},"author":1,"featured_media":0,"parent":0,"menu_order":0,"comment_status":"closed","ping_status":"closed","template":"","meta":[],"_links":{"self":[{"href":"https:\/\/elo.edu.vn\/index.php?rest_route=\/wp\/v2\/pages\/20842"}],"collection":[{"href":"https:\/\/elo.edu.vn\/index.php?rest_route=\/wp\/v2\/pages"}],"about":[{"href":"https:\/\/elo.edu.vn\/index.php?rest_route=\/wp\/v2\/types\/page"}],"author":[{"embeddable":true,"href":"https:\/\/elo.edu.vn\/index.php?rest_route=\/wp\/v2\/users\/1"}],"replies":[{"embeddable":true,"href":"https:\/\/elo.edu.vn\/index.php?rest_route=%2Fwp%2Fv2%2Fcomments&post=20842"}],"version-history":[{"count":2,"href":"https:\/\/elo.edu.vn\/index.php?rest_route=\/wp\/v2\/pages\/20842\/revisions"}],"predecessor-version":[{"id":20844,"href":"https:\/\/elo.edu.vn\/index.php?rest_route=\/wp\/v2\/pages\/20842\/revisions\/20844"}],"wp:attachment":[{"href":"https:\/\/elo.edu.vn\/index.php?rest_route=%2Fwp%2Fv2%2Fmedia&parent=20842"}],"curies":[{"name":"wp","href":"https:\/\/api.w.org\/{rel}","templated":true}]}}