
{"id":5906,"date":"2019-01-14T09:40:47","date_gmt":"2019-01-14T09:40:47","guid":{"rendered":"http:\/\/localhost\/elo-admin\/?page_id=5906"},"modified":"2019-05-10T16:30:47","modified_gmt":"2019-05-10T09:30:47","slug":"co-so-vat-chat","status":"publish","type":"page","link":"https:\/\/elo.edu.vn\/?page_id=5906","title":{"rendered":"C\u01a1 s\u1edf v\u1eadt ch\u1ea5t"},"content":{"rendered":"<style type=\"text\/css\">@media only screen and (min-width: 1000px) and (max-width: 5000px){body.kc-css-system .kc-css-191730{width: 50%;}body.kc-css-system .kc-css-3818303{width: 50%;}body.kc-css-system .kc-css-347143{width: 50%;}body.kc-css-system .kc-css-878832{width: 50%;}body.kc-css-system .kc-css-1690318{width: 100%;}body.kc-css-system .kc-css-3173764{width: 33.33%;}body.kc-css-system .kc-css-4311815{width: 33.33%;}body.kc-css-system .kc-css-216563{width: 33.33%;}body.kc-css-system .kc-css-4136281{width: 42%;}body.kc-css-system .kc-css-1312023{width: 33%;}body.kc-css-system .kc-css-1480719{width: 25%;}}body.kc-css-system .kc-css-1638322 .kc_button{color: #ffffff;background-color: #f9aa28;font-family: Roboto;font-size: 18px;line-height: 28px;font-weight: bold;text-transform: uppercase;border-radius: 60px 60px 60px 60px;margin-top: 80px;margin-bottom: 80px;}body.kc-css-system .kc-css-1638322{text-align: center;}<\/style>\n<section class=\"kc-elm kc-css-2590077 kc_row section1-infrastructure\">\n<div class=\"kc-row-container  kc-container  container-section1-infrastructure\">\n<div class=\"kc-wrap-columns\">\n<div class=\"kc-elm kc-css-191730 kc_col-sm-6 kc_column kc_col-sm-6 col-text-infrastructure\">\n<div class=\"container-col-text-infrastructure kc-col-container\">\n<div class=\"kc-elm kc-css-1845553 kc_text_block text-section1-infrastructure\">\n<p>C\u00e1c bu\u1ed5i h\u1ecdc tr\u1ef1c ti\u1ebfp (offline) trong Ch\u01b0\u01a1ng tr\u00ecnh C\u1eed nh\u00e2n tr\u1ef1c tuy\u1ebfn s\u1ebd \u0111\u01b0\u1ee3c t\u1ed5 ch\u1ee9c t\u1ea1i c\u01a1 s\u1edf ch\u00ednh c\u1ee7a Tr\u01b0\u1eddng \u2013 97 V\u00f5 V\u0103n T\u1ea7n, Ph\u01b0\u1eddng 6, Qu\u1eadn 3, Th\u00e0nh ph\u1ed1 H\u1ed3 Ch\u00ed Minh. T\u1ecda l\u1ea1c ngay t\u1ea1i trung t\u00e2m th\u00e0nh ph\u1ed1, tr\u1ee5 s\u1edf ch\u00ednh c\u1ee7a Tr\u01b0\u1eddng \u0111\u01b0\u1ee3c thi\u1ebft k\u1ebf c\u00f3 c\u00e1c ph\u00f2ng h\u1ed9i ngh\u1ecb, ph\u00f2ng h\u1ecdp, th\u01b0 vi\u1ec7n, khu v\u0103n ph\u00f2ng l\u00e0m vi\u1ec7c, c\u00e1c gi\u1ea3ng \u0111\u01b0\u1eddng \u0111\u01b0\u1ee3c trang b\u1ecb 100% m\u00e1y l\u1ea1nh v\u00e0 c\u00e1c thi\u1ebft b\u1ecb hi\u1ec7n \u0111\u1ea1i v\u1edbi h\u1ec7 th\u1ed1ng m\u1ea1ng kh\u00f4ng d\u00e2y \u0111\u01b0\u1ee3c ph\u1ee7 r\u1ed9ng kh\u1eafp trong khu\u00f4n vi\u00ean tr\u01b0\u1eddng nh\u1eb1m ph\u1ee5c v\u1ee5 t\u1ed1i \u0111a nhu c\u1ea7u h\u1ecdc t\u1eadp c\u1ee7a sinh vi\u00ean.<\/p>\n<p>Th\u01b0 vi\u1ec7n \u0111\u01b0\u1ee3c t\u1ed5 ch\u1ee9c theo l\u1ed1i kho m\u1edf v\u00e0 s\u1eed d\u1ee5ng khung Ph\u00e2n lo\u1ea1i Th\u1eadp ph\u00e2n Dewey (DDC) \u0111\u1ec3 ph\u00e2n lo\u1ea1i v\u00e0 x\u1ebfp gi\u00e1 t\u00e0i li\u1ec7u. Th\u01b0 vi\u1ec7n Nh\u00e0 tr\u01b0\u1eddng c\u00f3 h\u1ec7 th\u1ed1ng s\u00e1ch tham kh\u1ea3o v\u00e0 chuy\u00ean ng\u00e0nh phong ph\u00fa c\u00f9ng h\u1ec7 th\u1ed1ng m\u00e1y vi t\u00ednh k\u1ebft n\u1ed1i Internet gi\u00fap sinh vi\u00ean c\u00f3 th\u1ec3 tra c\u1ee9u t\u00e0i li\u1ec7u v\u00e0 t\u00ecm ki\u1ebfm th\u00f4ng tin. Ngo\u00e0i h\u1ec7 th\u1ed1ng th\u01b0 vi\u1ec7n, Nh\u00e0 tr\u01b0\u1eddng c\u00f2n ch\u00fa tr\u1ecdng \u0111\u1ea7u t\u01b0 v\u00e0o h\u1ec7 th\u1ed1ng ph\u00f2ng th\u00ed nghi\u1ec7m nh\u1eb1m \u0111\u00e1p \u1ee9ng y\u00eau c\u1ea7u th\u00ed nghi\u1ec7m th\u1ef1c t\u1eadp c\u1ee7a sinh vi\u00ean theo ch\u01b0\u01a1ng tr\u00ecnh \u0111\u00e0o t\u1ea1o.<\/p>\n<p>V\u1edbi c\u01a1 s\u1edf v\u1eadt ch\u1ea5t hi\u1ec7n \u0111\u1ea1i, Tr\u01b0\u1eddng \u0110\u1ea1i h\u1ecdc M\u1edf Th\u00e0nh ph\u1ed1 H\u1ed3 Ch\u00ed Minh mong mu\u1ed1n mang \u0111\u1ebfn kh\u00f4ng gian h\u1ecdc t\u1eadp tho\u1ea3i m\u00e1i v\u00e0 ti\u1ec7n \u00edch nh\u1ea5t ph\u1ee5c v\u1ee5 cho ng\u01b0\u1eddi h\u1ecdc.<\/p>\n<p>V\u1edbi s\u1ee9 m\u1ec7nh \u0111\u00e1p \u1ee9ng nhu c\u1ea7u h\u1ecdc t\u1eadp \u0111a d\u1ea1ng c\u1ee7a x\u00e3 h\u1ed9i, g\u00f3p ph\u1ea7n t\u0103ng c\u01b0\u1eddng \u0111\u1ed9i ng\u0169 khoa h\u1ecdc \u2013 k\u1ef9 thu\u1eadt cho \u0111\u1ea5t n\u01b0\u1edbc, Tr\u01b0\u1eddng \u0110\u1ea1i h\u1ecdc M\u1edf Th\u00e0nh ph\u1ed1 H\u1ed3 Ch\u00ed Minh kh\u00f4ng ng\u1eebng \u0111\u1ea7u t\u01b0, c\u1ea3i thi\u1ec7n ph\u01b0\u01a1ng ph\u00e1p \u0111\u00e0o t\u1ea1o v\u00e0 c\u1edf s\u1edf v\u1eadt ch\u1ea5t. Hi\u1ec7n nay, tr\u01b0\u1eddng c\u00f3 c\u00e1c c\u01a1 s\u1edf tr\u1ef1c thu\u1ed9c nh\u01b0 sau:<\/p>\n<\/div>\n<\/div>\n<\/div>\n<div class=\"kc-elm kc-css-3818303 kc_col-sm-6 kc_column kc_col-sm-6 col-img-infrastructure\">\n<div class=\"container-col-img-infrastructure  kc-col-container\">\n<div class=\"kc-elm kc-css-520933 kc_shortcode kc_single_image img-section1-infrastructure\">\n<p>        <img src=\"http:\/\/develo.elo.edu.vn\/wp-content\/uploads\/2019\/01\/Group-2-4.png\" class=\"\" alt=\"\" \/>    <\/div>\n<\/div>\n<\/div>\n<\/div>\n<\/div>\n<\/section>\n<section class=\"kc-elm kc-css-658457 kc_row section2-infrastructure\">\n<div class=\"kc-row-container  kc-container  container-section2-infrastructure\">\n<div class=\"kc-wrap-columns\">\n<div class=\"kc-elm kc-css-347143 kc_col-sm-6 kc_column kc_col-sm-6 col-text-infrastructure\">\n<div class=\"container-col-text-infrastructure kc-col-container\">\n<div class=\"kc-elm kc-css-1713769 kc_text_block text-section2-infrastructure\">\n<div>TR\u1ee4 S\u1ede CH\u00cdNH<\/div>\n<hr align=\"left\" \/>\n<p>\u0110\u1ecba \u0111i\u1ec3m 1: Tr\u1ee5 s\u1edf ch\u00ednh 97 V\u00f5 V\u0103n T\u1ea7n, Ph\u01b0\u1eddng 6, Qu\u1eadn 3, Th\u00e0nh ph\u1ed1 H\u1ed3 Ch\u00ed Minh<\/p>\n<p>\u0110\u1ecba \u0111i\u1ec3m 2: 35-37 H\u1ed3 H\u1ea3o H\u1edbn, ph\u01b0\u1eddng C\u00f4 Giang, Qu\u1eadn 1, Th\u00e0nh ph\u1ed1 H\u1ed3 Ch\u00ed Minh<\/p>\n<p>\u0110\u1ecba \u0111i\u1ec3m 3: 371 Nguy\u1ec5n Ki\u1ec7m, Ph\u01b0\u1eddng 3, qu\u1eadn G\u00f2 V\u1ea5p, Th\u00e0nh ph\u1ed1 H\u1ed3 Ch\u00ed Minh<\/p>\n<p>\u0110\u1ecba \u0111i\u1ec3m 4: 02 Mai Th\u1ecb L\u1ef1u, ph\u01b0\u1eddng \u0110a Kao, Qu\u1eadn 1, Th\u00e0nh ph\u1ed1 H\u1ed3 Ch\u00ed Minh<\/p>\n<p>\u0110\u1ecba \u0111i\u1ec3m 5: 68 L\u00ea Th\u1ecb Trung, ph\u01b0\u1eddng Ph\u00fa L\u1ee3i, Th\u00e0nh ph\u1ed1 Th\u1ee7 D\u1ea7u M\u1ed9t<\/p>\n<p>\u0110\u1ecba \u0111i\u1ec3m 6: \u0110\u01b0\u1eddng s\u1ed1 9, ph\u01b0\u1eddng Long B\u00ecnh T\u00e2n, Th\u00e0nh ph\u1ed1 Bi\u00ean H\u00f2a, t\u1ec9nh \u0110\u1ed3ng Nai<\/p>\n<p>\u0110\u1ecba \u0111i\u1ec3m 7: T\u1ed5 d\u00e2n ph\u1ed1 17, ph\u01b0\u1eddng Ninh Hi\u1ec7p, Th\u1ecb x\u00e3 Ninh H\u00f2a, t\u1ec9nh Kh\u00e1nh H\u00f2a<\/p>\n<\/div>\n<\/div>\n<\/div>\n<div class=\"kc-elm kc-css-878832 kc_col-sm-6 kc_column kc_col-sm-6 col-img-infrastructure\">\n<div class=\"container-col-img-infrastructure kc-col-container\">\n<div class=\"kc-elm kc-css-203764 kc_shortcode kc_single_image img-section2-infrastructure\">\n<p>        <img src=\"http:\/\/develo.elo.edu.vn\/wp-content\/uploads\/2019\/01\/Group-2-5.png\" class=\"\" alt=\"\" \/>    <\/div>\n<\/div>\n<\/div>\n<\/div>\n<\/div>\n<\/section>\n<section class=\"kc-elm kc-css-267056 kc_row section3-infrastructure\">\n<div class=\"kc-row-container  kc-container  container-section3-infrastructure\">\n<div class=\"kc-wrap-columns\">\n<div class=\"kc-elm kc-css-1690318 kc_col-sm-12 kc_column kc_col-sm-12\">\n<div class=\"kc-col-container\">\n<div class=\"kc-elm kc-css-3901740 kc-raw-code\"><script type=\"text\/javascript\" src=\"http:\/\/192.168.0.106\/elo-admin\/wp-content\/uploads\/2019\/01\/js\/infrastructure.js\" ><\/script><br \/>\n<img id=\"slider-custorm-elo-img\" src=\"http:\/\/192.168.0.106\/elo-admin\/wp-content\/uploads\/2019\/01\/Group-7.png\" alt=\"C\u1eec NH\u00c2N TR\u1ef0C TUY\u1ebeN\" \"><\/div>\n<\/div>\n<\/div>\n<\/div>\n<\/div>\n<\/section>\n<section class=\"kc-elm kc-css-1833771 kc_row section4-infrastructure\">\n<div class=\"kc-row-container  kc-container  container-section4-infrastructure\">\n<div class=\"kc-wrap-columns\">\n<div class=\"kc-elm kc-css-2106938 kc_col-sm-12 kc_column kc_col-sm-12\">\n<div class=\"kc-col-container\">\n<div class=\"kc-elm kc-css-4023829 kc_row kc_row_inner slide-infrastructure\">\n<div class=\"-container-slide-infrastructure\">\n<div class=\"kc-elm kc-css-3173764 kc_col-sm-4 kc_column_inner kc_col-sm-4 imgleft-slide\">\n<div class=\"container-imgleft-slide kc_wrapper kc-col-inner-container\">\n<div class=\"kc-elm kc-css-2711196 kc-raw-code\"><img id=\"infrastructure-pre\" src=\"http:\/\/192.168.0.106\/elo-admin\/wp-content\/uploads\/2019\/01\/imageslide1.png\" alt=\"C\u1eec NH\u00c2N TR\u1ef0C TUY\u1ebeN\" \"><\/p>\n<div><span id=\"sbtn1\" class=\"fa-angle-left\" onclick=\"preimg()\" ><\/span><\/div>\n<\/div>\n<\/div>\n<\/div>\n<div class=\"kc-elm kc-css-4311815 kc_col-sm-4 kc_column_inner kc_col-sm-4\">\n<div class=\"kc_wrapper kc-col-inner-container\">\n<div class=\"kc-elm kc-css-3321850 kc-raw-code\"><img id=\"infrastructure-curent\" src=\"http:\/\/192.168.0.106\/elo-admin\/wp-content\/uploads\/2019\/01\/Group-7.png\" alt=\"C\u1eec NH\u00c2N TR\u1ef0C TUY\u1ebeN\" \"><\/div>\n<\/div>\n<\/div>\n<div class=\"kc-elm kc-css-216563 kc_col-sm-4 kc_column_inner kc_col-sm-4 imgright-slide\">\n<div class=\"container-imgright-slide kc_wrapper kc-col-inner-container\">\n<div class=\"kc-elm kc-css-1362853 kc-raw-code\"><img id=\"infrastructure-next\" src=\"http:\/\/192.168.0.106\/elo-admin\/wp-content\/uploads\/2019\/01\/imageslide2.png\" alt=\"C\u1eec NH\u00c2N TR\u1ef0C TUY\u1ebeN\" \"><\/p>\n<div><span id=\"sbtn2\" class=\"fa-angle-right\" style=\" float: right;\" onclick=\"nextimg()\" ><\/span><\/div>\n<\/div>\n<\/div>\n<\/div>\n<\/div>\n<\/div>\n<\/div>\n<\/div>\n<\/div>\n<\/div>\n<\/section>\n<section class=\"kc-elm kc-css-2289980 kc_row\">\n<div class=\"kc-row-container  kc-container\">\n<div class=\"kc-wrap-columns\">\n<div class=\"kc-elm kc-css-1217522 kc_col-sm-12 kc_column kc_col-sm-12\">\n<div class=\"kc-col-container\">\n<div class=\"kc-elm kc-css-1638322\">\n\t<a class=\"kc_button\" href=\"#\" onclick=\"\"><br \/>\n\t\t\u0110\u0102NG K\u00dd NH\u1eacN T\u01af V\u1ea4N\t<\/a>\n<\/div>\n<\/div>\n<\/div>\n<\/div>\n<\/div>\n<\/section>\n<section class=\"kc-elm kc-css-302641 kc_row section-footer1\">\n<div class=\"kc-row-container  kc-container  container-section-footer1 container\">\n<div class=\"kc-wrap-columns\">\n<div class=\"kc-elm kc-css-4136281 kc_col-sm-5 kc_column kc_col-sm-5 col1-footer\">\n<div class=\"container-col1-footer kc-col-container\">\n<div class=\"kc-elm kc-css-2695548 kc_shortcode kc_single_image img-footer\">\n<p>        <img src=\"http:\/\/develo.elo.edu.vn\/wp-content\/uploads\/2019\/01\/logo2-1.png\" class=\"\" alt=\"\" \/>    <\/div>\n<div class=\"kc-elm kc-css-2599492 kc_text_block text-intro-logo\">\n<p>\n&nbsp;Lorem ipsum dolor sit amet, consectetur adipiscing elit. Mauris interdum orci a erat<\/p>\n<\/div>\n<\/div>\n<\/div>\n<div class=\"kc-elm kc-css-1312023 kc_col-sm-4 kc_column kc_col-sm-4 col2-footer\">\n<div class=\"container-col2-footer kc-col-container\">\n<div class=\"kc-elm kc-css-481401 kc_text_block title-lienhe\">\n<div>LI\u00caN H\u1ec6<\/div>\n<\/div>\n<div class=\"kc-elm kc-css-827322 kc-raw-code\"><i class=\"fa-home\"> <span>Ph\u00f2ng 505, s\u1ed1 97 V\u00f5 V\u0103n T\u1ea7n, Ph\u01b0\u1eddng 6, Qu\u1eadn 3, Th\u00e0nh ph\u1ed1 H\u1ed3 Ch\u00ed Minh<\/span><\/i><\/br><br \/>\n<i class=\"fa-phone\"> <span>18006119 \u1ea5n ph\u00edm 2<\/span><\/i><\/br><br \/>\n<i class=\"fa-envelope\"><span>  elo@oude.edu.vn <\/span><\/i><\/div>\n<\/div>\n<\/div>\n<div class=\"kc-elm kc-css-1480719 kc_col-sm-3 kc_column kc_col-sm-3 col3-footer\">\n<div class=\"container-col3-footer kc-col-container\">\n<div class=\"kc-elm kc-css-2303920 kc_text_block title-social\">\n<div>TRANG X\u00c3 H\u1ed8I<\/div>\n<\/div>\n<div class=\"kc-elm kc-css-283378 kc-raw-code\"><a class = \"fab-youtube-square\" href=\"https:\/\/www.youtube.com\/channel\/UCoBKC3utNECkmiG1qmTMv7Q\"><\/a><br \/>\n<a class = \"fab-linkedin\" href=\"https:\/\/www.facebook.com\/tuyensinh.ou.edu.vn\/\"><\/a><\/div>\n<\/div>\n<\/div>\n<\/div>\n<\/div>\n<\/section>\n<section class=\"kc-elm kc-css-1978618 kc_row section-footer2\">\n<div class=\"kc-row-container  kc-container  container-section-footer2\">\n<div class=\"kc-wrap-columns\">\n<div class=\"kc-elm kc-css-2939342 kc_col-sm-12 kc_column kc_col-sm-12\">\n<div class=\"kc-col-container\">\n<div class=\"kc-elm kc-css-607487 kc-raw-code\"><i class=\"fa-copyright\"> 2019 All Right Reserved<\/i><\/div>\n<\/div>\n<\/div>\n<\/div>\n<\/div>\n<\/section>\n","protected":false},"excerpt":{"rendered":"<p>C\u00e1c bu\u1ed5i h\u1ecdc tr\u1ef1c ti\u1ebfp (offline) trong Ch\u01b0\u01a1ng tr\u00ecnh C\u1eed nh\u00e2n tr\u1ef1c tuy\u1ebfn s\u1ebd \u0111\u01b0\u1ee3c t\u1ed5 ch\u1ee9c t\u1ea1i c\u01a1 s\u1edf ch\u00ednh c\u1ee7a Tr\u01b0\u1eddng \u2013 97 V\u00f5 V\u0103n T\u1ea7n, Ph\u01b0\u1eddng 6, Qu\u1eadn 3, Th\u00e0nh ph\u1ed1 H\u1ed3 Ch\u00ed Minh. T\u1ecda l\u1ea1c ngay t\u1ea1i trung t\u00e2m th\u00e0nh ph\u1ed1, tr\u1ee5 s\u1edf ch\u00ednh c\u1ee7a Tr\u01b0\u1eddng \u0111\u01b0\u1ee3c thi\u1ebft k\u1ebf c\u00f3 c\u00e1c [&hellip;]<\/p>\n","protected":false},"author":1,"featured_media":5937,"parent":0,"menu_order":0,"comment_status":"closed","ping_status":"closed","template":"","meta":[],"_links":{"self":[{"href":"https:\/\/elo.edu.vn\/index.php?rest_route=\/wp\/v2\/pages\/5906"}],"collection":[{"href":"https:\/\/elo.edu.vn\/index.php?rest_route=\/wp\/v2\/pages"}],"about":[{"href":"https:\/\/elo.edu.vn\/index.php?rest_route=\/wp\/v2\/types\/page"}],"author":[{"embeddable":true,"href":"https:\/\/elo.edu.vn\/index.php?rest_route=\/wp\/v2\/users\/1"}],"replies":[{"embeddable":true,"href":"https:\/\/elo.edu.vn\/index.php?rest_route=%2Fwp%2Fv2%2Fcomments&post=5906"}],"version-history":[{"count":0,"href":"https:\/\/elo.edu.vn\/index.php?rest_route=\/wp\/v2\/pages\/5906\/revisions"}],"wp:featuredmedia":[{"embeddable":true,"href":"https:\/\/elo.edu.vn\/index.php?rest_route=\/wp\/v2\/media\/5937"}],"wp:attachment":[{"href":"https:\/\/elo.edu.vn\/index.php?rest_route=%2Fwp%2Fv2%2Fmedia&parent=5906"}],"curies":[{"name":"wp","href":"https:\/\/api.w.org\/{rel}","templated":true}]}}